{"id":6,"date":"2016-10-11T10:20:45","date_gmt":"2016-10-11T08:20:45","guid":{"rendered":"https:\/\/www.silenyprofesor.cz\/?page_id=6"},"modified":"2016-10-13T10:49:41","modified_gmt":"2016-10-13T08:49:41","slug":"o-silenem-profesorovi","status":"publish","type":"page","link":"https:\/\/www.silenyprofesor.cz\/?page_id=6","title":{"rendered":"O \u0161\u00edlen\u00e9m profesorovi"},"content":{"rendered":"<p><img loading=\"lazy\" decoding=\"async\" class=\"aligncenter wp-image-56 size-full\" src=\"http:\/\/www.silenyprofesor.cz\/wp-content\/uploads\/2016\/10\/o-silenem-progesorovi-img.jpg\" alt=\"o-silenem-progesorovi-img\" width=\"680\" height=\"222\" srcset=\"https:\/\/www.silenyprofesor.cz\/wp-content\/uploads\/2016\/10\/o-silenem-progesorovi-img.jpg 680w, https:\/\/www.silenyprofesor.cz\/wp-content\/uploads\/2016\/10\/o-silenem-progesorovi-img-300x98.jpg 300w\" sizes=\"auto, (max-width: 680px) 100vw, 680px\" \/><\/p>\n<div class=\"o-profesorovi-text\">\n<p><span class=\"o-profesorovi-text-invert bigger\">500 T\u00c9MAT <\/span> <span class=\"biggerLess\">PRO NEKONE\u010cNOU<br \/>\nZ\u00c1BAVU!<\/span><\/p>\n<p><span class=\"o-profesorovi-text-invert\">\u0160\u00cdLEN\u00dd PROFESOR T\u011a VYZ\u00ddV\u00c1\u2026<\/span><\/p>\n<p>doka\u017e, \u017ee v\u00ed\u0161 tolik, co on!<br \/>\nNajdi odpov\u011b\u010f na zadan\u00e9 t\u00e9ma, odpov\u011bz a stisknut\u00edm jeho<br \/>\nhlavy p\u0159epni na dal\u0161\u00ed hr\u00e1\u010de.<\/p>\n<\/div>\n<p><img loading=\"lazy\" decoding=\"async\" class=\"alignright wp-image-68 size-full\" src=\"http:\/\/www.silenyprofesor.cz\/wp-content\/uploads\/2016\/10\/profasor-postavicka.png\" alt=\"profasor-postavicka\" width=\"221\" height=\"270\" \/><br \/>\n<strong>\u0160\u00edlen\u00fd profesor je v\u0161ev\u011bdouc\u00ed. A velmi r\u00e1d se p\u0159edv\u00e1d\u00ed. Zkou\u0161\u00ed hr\u00e1\u010de, jestli jsou stejn\u011b znal\u00ed jako on.<br \/>\nNa za\u010d\u00e1tku hry \u0159ekne \u0160\u00edlen\u00fd profesor t\u00e9ma nap\u0159.: <em>\u201e\u010dern\u00e1 a b\u00edl\u00e1 zv\u00ed\u0159ata\u201c<\/em>,<em>\u201c televizn\u00ed stanice\u201c <\/em>nebo <em>\u201eco m\u016f\u017eete vid\u011bt na obloze\u201c<\/em>\u2026.hr\u00e1\u010d, kter\u00fd odpov\u00edd\u00e1 prvn\u00ed mus\u00ed \u0159\u00edct slovo, kter\u00e9 s t\u00edmto t\u00e9matem souvis\u00ed. Nap\u0159. pokud je t\u00e9ma <em>\u201eco m\u016f\u017eete vid\u011bt na obloze\u201c<\/em>\u2026.hr\u00e1\u010d m\u016f\u017ee odpov\u011bd\u011bt: <em>\u201ept\u00e1k\u201c<\/em>, <em>\u201emrak\u201c<\/em>, <em>\u201eletadlo\u201c, \u201e padaj\u00edc\u00ed hv\u011bzda\u201c <\/em>atd.<\/p>\n<p>\u0160\u00edlen\u00fd profesor v\u017edy ur\u010d\u00ed, kter\u00fd hr\u00e1\u010d za\u010d\u00edn\u00e1 hru.<br \/>\n<\/strong><br \/>\n<strong>Kdy\u017e prvn\u00ed hr\u00e1\u010d zn\u00e1 odpov\u011b\u010f, \u0159ekne ji nahlas a stiskne hlavu \u0160\u00edlen\u00e9ho profesora. Pokra\u010duje hr\u00e1\u010d po jeho lev\u00e9 stran\u011b, mus\u00ed naj\u00edt jin\u00e9 slovo, kter\u00e9 souvis\u00ed s dan\u00fdm t\u00e9matem, \u0159\u00edct ho a stisknout profesorovu hlavu, d\u00e1le pokra\u010duj\u00ed hr\u00e1\u010di ve sm\u011bru hodinov\u00fdch ru\u010di\u010dek\u2026dokud \u0160\u00edlen\u00fd profesor nerozhodne, \u017ee mu odpov\u011bdi sta\u010d\u00ed. Pokud se tak stane, hr\u00e1\u010d, kter\u00fd m\u011bl p\u0159ij\u00edt na \u0159adu, prohr\u00e1l toto kolo a \u0160\u00edlen\u00fd profesor mu ud\u011bl\u00ed trestnou nulu. T\u00edm se v\u0161ichni dost\u00e1vaj\u00ed do dal\u0161\u00edho kola.<\/strong><\/p>\n<p><strong>Pokud hr\u00e1\u010d odpov\u011b\u010f nev\u00ed, vezme si trestnou nulu a kolo kon\u010d\u00ed.<\/strong><\/p>\n<p><strong>\u0160\u00edlen\u00fd profesor je nep\u0159edv\u00eddateln\u00fd! M\u016f\u017ee se rozhodnout zm\u011bnit pravidla b\u011bhem hry! Na p\u0159\u00edklad bude cht\u00edt 2 odpov\u011bdi od ka\u017ed\u00e9ho hr\u00e1\u010de m\u00edsto jedn\u00e9 odpov\u011bdi.<\/strong><\/p>\n<p><strong>\u0160\u00edlen\u00fd profesor d\u011bl\u00e1 pouze to, co chce a m\u016f\u017ee se st\u00e1t cokoliv. Nen\u00ed nutn\u00e9 panika\u0159it, sta\u010d\u00ed se \u0159\u00eddit jeho pravidly.<\/strong><br \/>\n<strong> Nejlep\u0161\u00ed cesta je odpov\u011bd\u011bt nejrychleji, jak jen to p\u016fjde.<\/strong><\/p>\n<p><strong>Konec hry ur\u010duje \u0160\u00edlen\u00fd profesor s\u00e1m. Hr\u00e1\u010d s nejni\u017e\u0161\u00edm po\u010dtem trestn\u00fdch nul vyhr\u00e1v\u00e1.<\/strong><\/p>\n<p><img loading=\"lazy\" decoding=\"async\" class=\"aligncenter wp-image-70 size-full\" src=\"http:\/\/www.silenyprofesor.cz\/wp-content\/uploads\/2016\/10\/rekni-odpoved.png\" alt=\"rekni-odpoved\" width=\"430\" height=\"381\" srcset=\"https:\/\/www.silenyprofesor.cz\/wp-content\/uploads\/2016\/10\/rekni-odpoved.png 430w, https:\/\/www.silenyprofesor.cz\/wp-content\/uploads\/2016\/10\/rekni-odpoved-300x266.png 300w\" sizes=\"auto, (max-width: 430px) 100vw, 430px\" \/><\/p>\n","protected":false},"excerpt":{"rendered":"<p>500 T\u00c9MAT PRO NEKONE\u010cNOU Z\u00c1BAVU! \u0160\u00cdLEN\u00dd PROFESOR T\u011a VYZ\u00ddV\u00c1\u2026 doka\u017e, \u017ee v\u00ed\u0161 tolik, co on! Najdi odpov\u011b\u010f na zadan\u00e9 t\u00e9ma, odpov\u011bz a stisknut\u00edm jeho hlavy p\u0159epni na dal\u0161\u00ed hr\u00e1\u010de. \u0160\u00edlen\u00fd profesor je v\u0161ev\u011bdouc\u00ed. A velmi r\u00e1d se p\u0159edv\u00e1d\u00ed. Zkou\u0161\u00ed hr\u00e1\u010de, jestli jsou stejn\u011b znal\u00ed jako on. Na za\u010d\u00e1tku hry \u0159ekne \u0160\u00edlen\u00fd profesor t\u00e9ma nap\u0159.: \u201e\u010dern\u00e1 [&hellip;]<\/p>\n","protected":false},"author":2,"featured_media":0,"parent":0,"menu_order":0,"comment_status":"closed","ping_status":"closed","template":"page-full-width.php","meta":{"ngg_post_thumbnail":0,"footnotes":""},"class_list":["post-6","page","type-page","status-publish","hentry"],"_links":{"self":[{"href":"https:\/\/www.silenyprofesor.cz\/index.php?rest_route=\/wp\/v2\/pages\/6","targetHints":{"allow":["GET"]}}],"collection":[{"href":"https:\/\/www.silenyprofesor.cz\/index.php?rest_route=\/wp\/v2\/pages"}],"about":[{"href":"https:\/\/www.silenyprofesor.cz\/index.php?rest_route=\/wp\/v2\/types\/page"}],"author":[{"embeddable":true,"href":"https:\/\/www.silenyprofesor.cz\/index.php?rest_route=\/wp\/v2\/users\/2"}],"replies":[{"embeddable":true,"href":"https:\/\/www.silenyprofesor.cz\/index.php?rest_route=%2Fwp%2Fv2%2Fcomments&post=6"}],"version-history":[{"count":16,"href":"https:\/\/www.silenyprofesor.cz\/index.php?rest_route=\/wp\/v2\/pages\/6\/revisions"}],"predecessor-version":[{"id":75,"href":"https:\/\/www.silenyprofesor.cz\/index.php?rest_route=\/wp\/v2\/pages\/6\/revisions\/75"}],"wp:attachment":[{"href":"https:\/\/www.silenyprofesor.cz\/index.php?rest_route=%2Fwp%2Fv2%2Fmedia&parent=6"}],"curies":[{"name":"wp","href":"https:\/\/api.w.org\/{rel}","templated":true}]}}