{"id":16,"date":"2016-10-11T10:21:50","date_gmt":"2016-10-11T08:21:50","guid":{"rendered":"https:\/\/www.silenyprofesor.cz\/?page_id=16"},"modified":"2024-06-26T13:17:23","modified_gmt":"2024-06-26T11:17:23","slug":"napiste-nam","status":"publish","type":"page","link":"https:\/\/www.silenyprofesor.cz\/?page_id=16","title":{"rendered":"Napi\u0161te n\u00e1m"},"content":{"rendered":"<div style=\"float: left; width: 46%;\">\n<p><img loading=\"lazy\" decoding=\"async\" class=\"aligncenter wp-image-113\" src=\"http:\/\/www.silenyprofesor.cz\/wp-content\/uploads\/2016\/10\/sileny-profesor3.png\" alt=\"\u0160\u00edlen\u00fd profesor\" width=\"250\" height=\"260\"><\/p>\n<h3 class=\"company-title\">MAC TOYS s.r.o.<\/h3>\n<p>Lidick\u00e1 481<br \/>\n27351 Unho\u0161\u0165<\/p>\n<p><strong>Email :<\/strong> <a href=\"mailto:marketing@mactoys.cz\">marketing@mactoys.cz<\/a><\/p>\n<\/div>\n<div style=\"float: right; width: 46%;\">\n\n<div class=\"wpcf7 no-js\" id=\"wpcf7-f5-o1\" lang=\"cs-CZ\" dir=\"ltr\" data-wpcf7-id=\"5\">\n<div class=\"screen-reader-response\"><p role=\"status\" aria-live=\"polite\" aria-atomic=\"true\"><\/p> <ul><\/ul><\/div>\n<form action=\"\/index.php?rest_route=%2Fwp%2Fv2%2Fpages%2F16#wpcf7-f5-o1\" method=\"post\" class=\"wpcf7-form init\" aria-label=\"Kontaktn\u00ed formul\u00e1\u0159\" novalidate=\"novalidate\" data-status=\"init\">\n<fieldset class=\"hidden-fields-container\"><input type=\"hidden\" name=\"_wpcf7\" value=\"5\" \/><input type=\"hidden\" name=\"_wpcf7_version\" value=\"6.1.5\" \/><input type=\"hidden\" name=\"_wpcf7_locale\" value=\"cs_CZ\" \/><input type=\"hidden\" name=\"_wpcf7_unit_tag\" value=\"wpcf7-f5-o1\" \/><input type=\"hidden\" name=\"_wpcf7_container_post\" value=\"0\" \/><input type=\"hidden\" name=\"_wpcf7_posted_data_hash\" value=\"\" \/>\n<\/fieldset>\n<p>Va\u0161e jm\u00e9no (vy\u017eadov\u00e1no)\n<\/p>\n<p><span class=\"wpcf7-form-control-wrap\" data-name=\"your-name\"><input size=\"40\" maxlength=\"400\" class=\"wpcf7-form-control wpcf7-text wpcf7-validates-as-required\" aria-required=\"true\" aria-invalid=\"false\" value=\"\" type=\"text\" name=\"your-name\" \/><\/span>\n<\/p>\n<p>V\u00e1\u0161 email (vy\u017eadov\u00e1no)\n<\/p>\n<p><span class=\"wpcf7-form-control-wrap\" data-name=\"your-email\"><input size=\"40\" maxlength=\"400\" class=\"wpcf7-form-control wpcf7-email wpcf7-validates-as-required wpcf7-text wpcf7-validates-as-email\" aria-required=\"true\" aria-invalid=\"false\" value=\"\" type=\"email\" name=\"your-email\" \/><\/span>\n<\/p>\n<p>Va\u0161e zpr\u00e1va (vy\u017eadov\u00e1no)\n<\/p>\n<p><span class=\"wpcf7-form-control-wrap\" data-name=\"your-message\"><textarea cols=\"40\" rows=\"10\" maxlength=\"2000\" class=\"wpcf7-form-control wpcf7-textarea wpcf7-validates-as-required\" aria-required=\"true\" aria-invalid=\"false\" name=\"your-message\"><\/textarea><\/span>\n<\/p>\n<p>Kontroln\u00ed ot\u00e1zka (vy\u017eadov\u00e1no): <span class=\"wpcf7-form-control-wrap\" data-name=\"quiz-920\"><label><span class=\"wpcf7-quiz-label\">1+2=?<\/span> <input size=\"40\" class=\"wpcf7-form-control wpcf7-quiz\" autocomplete=\"off\" aria-required=\"true\" aria-invalid=\"false\" type=\"text\" name=\"quiz-920\" \/><\/label><input type=\"hidden\" name=\"_wpcf7_quiz_answer_quiz-920\" value=\"df0a92b7bdce76e63444173eaca21249\" \/><\/span>\n<\/p>\n<p><input class=\"wpcf7-form-control wpcf7-submit has-spinner\" type=\"submit\" value=\"Odeslat\" \/>\n<\/p><div class=\"wpcf7-response-output\" aria-hidden=\"true\"><\/div>\n<\/form>\n<\/div>\n\n<\/div>\n","protected":false},"excerpt":{"rendered":"<p>MAC TOYS s.r.o. Lidick\u00e1 481 27351 Unho\u0161\u0165 Email : marketing@mactoys.cz<\/p>\n","protected":false},"author":2,"featured_media":0,"parent":0,"menu_order":0,"comment_status":"closed","ping_status":"closed","template":"page-full-width.php","meta":{"ngg_post_thumbnail":0,"footnotes":""},"class_list":["post-16","page","type-page","status-publish","hentry"],"_links":{"self":[{"href":"https:\/\/www.silenyprofesor.cz\/index.php?rest_route=\/wp\/v2\/pages\/16","targetHints":{"allow":["GET"]}}],"collection":[{"href":"https:\/\/www.silenyprofesor.cz\/index.php?rest_route=\/wp\/v2\/pages"}],"about":[{"href":"https:\/\/www.silenyprofesor.cz\/index.php?rest_route=\/wp\/v2\/types\/page"}],"author":[{"embeddable":true,"href":"https:\/\/www.silenyprofesor.cz\/index.php?rest_route=\/wp\/v2\/users\/2"}],"replies":[{"embeddable":true,"href":"https:\/\/www.silenyprofesor.cz\/index.php?rest_route=%2Fwp%2Fv2%2Fcomments&post=16"}],"version-history":[{"count":5,"href":"https:\/\/www.silenyprofesor.cz\/index.php?rest_route=\/wp\/v2\/pages\/16\/revisions"}],"predecessor-version":[{"id":95,"href":"https:\/\/www.silenyprofesor.cz\/index.php?rest_route=\/wp\/v2\/pages\/16\/revisions\/95"}],"wp:attachment":[{"href":"https:\/\/www.silenyprofesor.cz\/index.php?rest_route=%2Fwp%2Fv2%2Fmedia&parent=16"}],"curies":[{"name":"wp","href":"https:\/\/api.w.org\/{rel}","templated":true}]}}